{"id":5888,"date":"2024-12-10T08:53:40","date_gmt":"2024-12-10T08:53:40","guid":{"rendered":"https:\/\/myprimusmarkets.com\/politica-de-privacidad\/"},"modified":"2025-03-21T15:06:15","modified_gmt":"2025-03-21T15:06:15","slug":"politica-de-privacidad","status":"publish","type":"page","link":"https:\/\/myprimusmarkets.com\/es\/politica-de-privacidad\/","title":{"rendered":"Pol\u00edtica de privacidad"},"content":{"rendered":"\t\t<div data-elementor-type=\"wp-page\" data-elementor-id=\"5888\" class=\"elementor elementor-5888 elementor-3\" data-elementor-post-type=\"page\">\n\t\t\t\t<div class=\"elementor-element elementor-element-7f3c24ad e-flex e-con-boxed e-con e-parent\" data-id=\"7f3c24ad\" data-element_type=\"container\" data-e-type=\"container\" data-settings=\"{&quot;background_background&quot;:&quot;classic&quot;}\">\n\t\t\t\t\t<div class=\"e-con-inner\">\n\t\t\t\t<div class=\"elementor-element elementor-element-16b94789 privacyPolicy elementor-widget elementor-widget-text-editor\" data-id=\"16b94789\" data-element_type=\"widget\" data-e-type=\"widget\" data-widget_type=\"text-editor.default\">\n\t\t\t\t<div class=\"elementor-widget-container\">\n\t\t\t\t\t\t\t\t\t\n<h1>Pol\u00edtica de privacidad<\/h1>\n<p>\u00a0<\/p>\n<h3 class=\"FXPElements__H3Title-sc-h4chqj-9 fONFay\">1. INTRODUCCI\u00d3N<\/h3>\n<div class=\"privacy-policy__PrivacyText-sc-1mpd193-0 eWdbxI\">Primus Markets INTL Limited (&quot;FXPRIMUS&quot; o la &quot;Compa\u00f1\u00eda&quot;) es una Firma de Inversi\u00f3n Internacional (&quot;IF&quot;) constituida en la Rep\u00fablica de Vanuatu con el n\u00famero de registro mercantil 14595.<\/div>\n<div class=\"privacy-policy__PrivacyText-sc-1mpd193-0 eWdbxI\">La Compa\u00f1\u00eda est\u00e1 autorizada y regulada por la Comisi\u00f3n de Bolsa y Valores de Vanuatu (la &quot;VFSC&quot;), con una Licencia Principal de Operador de Valores (la &quot;Licencia&quot;) otorgada por el Ministro de Finanzas y Gesti\u00f3n Econ\u00f3mica de Vanuatu. Los pilares de los servicios ofrecidos a los Clientes se basan en la Licencia de la Compa\u00f1\u00eda.<\/div>\n<div class=\"privacy-policy__PrivacyText-sc-1mpd193-0 eWdbxI\">Primus Markets INFL Limited (&quot;FXPRIMUS&quot;, la \u201cEmpresa\u201d  o la &quot;Compa\u00f1\u00eda&quot;) se compromete a proteger su privacidad y a gestionar sus datos de manera abierta y con total transparencia. Los datos personales que recogemos y tratamos dependen del producto o servicio que el cliente solicite y se acuerde en cada caso.<\/div>\n<h3 class=\"FXPElements__H3Title-sc-h4chqj-9 fONFay\">2. REGLAMENTO GENERAL DE PROTECCI\u00d3N DE DATOS<\/h3>\n<div class=\"privacy-policy__PrivacyText-sc-1mpd193-0 eWdbxI\">Una de nuestras principales prioridades es proteger la privacidad y salvaguardar la informaci\u00f3n personal y financiera de los clientes de FXPRIMUS y los usuarios que visitan el sitio web de la empresa. La siguiente Pol\u00edtica de Privacidad y Protecci\u00f3n de Datos explica c\u00f3mo recopilamos, almacenamos y protegemos su informaci\u00f3n.<\/div>\n<p class=\"FXPElements__Paragraph-sc-h4chqj-10 bzrA-DT\"><strong>Esta pol\u00edtica de privacidad:<\/strong><\/p>\n<ul class=\"privacy-policy__PrvcListStyle-sc-1mpd193-1 kUpvZw\">\n<li>explica detalladamente c\u00f3mo la Compa\u00f1\u00eda recopila y procesa su informaci\u00f3n personal y le informa sobre sus derechos en virtud de las leyes de cada pa\u00eds en materia de protecci\u00f3n de datos,<\/li>\n<li>solo se aplica a las personas f\u00edsicas que ya sean clientes o clientes potenciales del CIF o representantes autorizados\/IB (brokers presentadores o introductorios) o beneficiarios reales de personas jur\u00eddicas o de personas f\u00edsicas que sean clientes en el momento presente o posibles clientes de la Compa\u00f1\u00eda,<\/li>\n<li>se aplica a las personas f\u00edsicas que tuvieron una relaci\u00f3n empresarial de este tipo con la Compa\u00f1\u00eda en el pasado<\/li>\n<li>contiene informaci\u00f3n sobre c\u00f3mo y por qu\u00e9 compartimos sus datos personales con otros miembros de la Compa\u00f1\u00eda y con terceros (por ejemplo, proveedores de productos o servicios de la confianza de la Compa\u00f1\u00eda).<\/li>\n<\/ul>\n<div class=\"privacy-policy__PrivacyText-sc-1mpd193-0 eWdbxI\">Podemos denominar sus datos con las expresiones &quot;informaci\u00f3n personal&quot; o &quot;datos personales&quot;. En ocasiones, tambi\u00e9n podemos denominar \u201cprocesamiento\u201d o \u201ctratamiento\u201d de datos personales a las tareas de gesti\u00f3n, recopilaci\u00f3n, protecci\u00f3n, almacenamiento o cualquier acci\u00f3n similar que tengan que ver con sus datos personales.<\/div>\n<div class=\"privacy-policy__PrivacyText-sc-1mpd193-0 eWdbxI\">A efectos de esta pol\u00edtica, se entender\u00e1 por \u201cdatos personales\u201d cualquier informaci\u00f3n relacionada con usted que lo identifique o pueda identificarlo; por ejemplo, su nombre, direcci\u00f3n o n\u00famero de identidad.<\/div>\n<h3 class=\"FXPElements__H3Title-sc-h4chqj-9 izLUNj\">3. QU\u00c9 DATOS PERSONALES TRATAMOS Y DE D\u00d3NDE LOS RECOGEMOS<\/h3>\n<div class=\"privacy-policy__PrivacyText-sc-1mpd193-0 hPMIPk\">En el contexto de nuestra relaci\u00f3n empresarial con nuestros clientes, recopilamos y procesamos los diferentes tipos de datos personales que recibimos de nuestros clientes (potenciales o que ya trabajan con nosotros) a trav\u00e9s de sus representantes o de canales de comunicaci\u00f3n alternativos, como, por ejemplo, nuestro sitio web o \u00e1rea de clientes.<\/div>\n<div class=\"privacy-policy__PrivacyText-sc-1mpd193-0 eWdbxI\">Tambi\u00e9n podemos recopilar y procesar datos personales que obtengamos legalmente no solo de usted, sino tambi\u00e9n de otras entidades dentro del Grupo de empresas o de terceros; por ejemplo, individuos, autoridades p\u00fablicas, empresas que le hayan presentado a la Compa\u00f1\u00eda o empresas que procesan pagos con tarjeta.<\/div>\n<div class=\"privacy-policy__PrivacyText-sc-1mpd193-0 eWdbxI\">Adem\u00e1s, tambi\u00e9n podemos recopilar y procesar datos personales de fuentes p\u00fablicas (por ejemplo, Registro Mercantil, Servicio de Insolvencia, diversos registros empresariales y medios de comunicaci\u00f3n) que obtengamos legalmente y que estemos autorizados a procesar.<\/div>\n<p class=\"FXPElements__Paragraph-sc-h4chqj-10 beKDnD\"><strong>1. Si usted es un cliente potencial, los datos personales que recopilamos de usted pueden incluir:<\/strong><\/p>\n<ul class=\"privacy-policy__PrvcListStyle-sc-1mpd193-1 TiSVg\">\n<li>Nombre;<\/li>\n<li>N\u00famero de identidad o pasaporte;<\/li>\n<li>N\u00famero de tel\u00e9fono;<\/li>\n<li>Direcci\u00f3n;<\/li>\n<li>Fecha de nacimiento;<\/li>\n<li>Educaci\u00f3n;<\/li>\n<li>Experiencia;<\/li>\n<li>Volumen;<\/li>\n<li>Situaci\u00f3n laboral;<\/li>\n<li>G\u00e9nero;<\/li>\n<li>Patrimonio neto estimado;<\/li>\n<li>Origen de los fondos;<\/li>\n<li>Si tiene o ha desempe\u00f1ado una funci\u00f3n p\u00fablica destacada (en el caso de las PEP);<\/li>\n<li>Datos de autenticaci\u00f3n (por ejemplo, firma).<\/li>\n<li>Certificado de defunci\u00f3n;<\/li>\n<li>Certificado de matrimonio; y<\/li>\n<li>Datos bancarios.<\/li>\n<\/ul>\n<p class=\"FXPElements__Paragraph-sc-h4chqj-10 lhXvJM\"><strong>2. Si usted es un IB o Afiliado potencial, los datos personales que recopilamos de usted pueden incluir:<\/strong><\/p>\n<ul class=\"privacy-policy__PrvcListStyle-sc-1mpd193-1 etDMTw\">\n<li>N\u00famero de identidad o pasaporte;<\/li>\n<li>N\u00famero de tel\u00e9fono;<\/li>\n<li>Direcci\u00f3n;<\/li>\n<li>Ciudad\/Municipio;<\/li>\n<li>Estado o Provincia;<\/li>\n<li>Pa\u00eds;<\/li>\n<li>G\u00e9nero; y<\/li>\n<li>Datos bancarios.<\/li>\n<\/ul>\n<p class=\"FXPElements__Paragraph-sc-h4chqj-10 gWltSj\"><strong>3. Si usted es un posible cliente corporativo, podemos proporcionarle una cuenta corporativa. En este caso, los datos personales que podr\u00edamos recopilar incluir\u00edan:<\/strong><\/p>\n<p class=\"FXPElements__Paragraph-sc-h4chqj-10 jSZwCx\">Detalles de la empresa:<\/p>\n<ul class=\"privacy-policy__PrvcListStyle-sc-1mpd193-1 hdzCBh\">\n<li>Nombre;<\/li>\n<li>Direcci\u00f3n;<\/li>\n<li>Estado o Provincia;<\/li>\n<li>Pa\u00eds;<\/li>\n<li>Directivos;<\/li>\n<li>Accionistas (que poseen el 10% o m\u00e1s de las acciones); y<\/li>\n<li>Datos bancarios.<\/li>\n<\/ul>\n<p class=\"FXPElements__Paragraph-sc-h4chqj-10 jSZwCx\">Datos de contacto principales (director general)<\/p>\n<ul class=\"privacy-policy__PrvcListStyle-sc-1mpd193-1 hdzCBh\">\n<li>Nombre;<\/li>\n<li>Fecha de nacimiento;<\/li>\n<li>Direcci\u00f3n;<\/li>\n<li>Estado o Provincia;<\/li>\n<li>Pa\u00eds;<\/li>\n<li>G\u00e9nero;<\/li>\n<li>N\u00famero de tel\u00e9fono;<\/li>\n<li>Email;<\/li>\n<li>Licencias que ostenta la empresa;<\/li>\n<li>Organismos reguladores a los que se adhiere la empresa; y<\/li>\n<li>Antecedentes\/experiencia del director\/accionista de la empresa<\/li>\n<\/ul>\n<h3 class=\"FXPElements__H3Title-sc-h4chqj-9 izLUNj\">4. \u00bfTIENE USTED LA OBLIGACI\u00d3N DE FACILITARNOS SUS DATOS PERSONALES?<\/h3>\n<div class=\"privacy-policy__PrivacyText-sc-1mpd193-0 eWdbxI\">Debe proporcionarnos sus datos personales con el fin de establecer una relaci\u00f3n empresarial con usted, ya que son necesarios para el inicio de dicha relaci\u00f3n empresarial, la ejecuci\u00f3n de la misma y el cumplimiento de nuestras obligaciones contractuales. Adem\u00e1s, estamos obligados a recopilar dichos datos personales en cumplimiento de las disposiciones de las leyes contra el blanqueo de capitales, que nos exigen que verifiquemos su identidad antes de celebrar un contrato o una relaci\u00f3n empresarial con usted (o la entidad legal de la que usted es el representante \/ agente autorizado o beneficiario final). Por lo tanto, para que podamos cumplir con la obligaci\u00f3n legal mencionada anteriormente, usted debe proporcionarnos al menos su documento de identidad o pasaporte, su nombre completo, lugar de nacimiento (ciudad y pa\u00eds) y su direcci\u00f3n de residencia. <\/div>\n<h3 class=\"FXPElements__H3Title-sc-h4chqj-9 izLUNj\">5. POR QU\u00c9 TRATAMOS SUS DATOS PERSONALES Y SOBRE QU\u00c9 BASE JUR\u00cdDICA<\/h3>\n<div class=\"privacy-policy__PrivacyText-sc-1mpd193-0 eWdbxI\">Tal como mencion\u00e1bamos anteriormente, nos comprometemos a proteger su privacidad y gestionar sus datos de manera abierta y transparente. Por lo tanto, procesaremos sus datos personales de acuerdo con el Reglamento General de Protecci\u00f3n de Datos (GDPR) y las normativas de cada pa\u00eds en materia de protecci\u00f3n de datos por uno o m\u00e1s de los siguientes motivos:<\/div>\n<p class=\"FXPElements__Paragraph-sc-h4chqj-10 cpfjRS\"><strong>Ejecuci\u00f3n de un contrato<\/strong><\/p>\n<div class=\"privacy-policy__PrivacyText-sc-1mpd193-0 eWdbxI\">Procesamos sus datos personales con el fin de ofrecerle servicios financieros. Por lo tanto, le solicitaremos que complete el formulario de idoneidad con datos adicionales, ya que as\u00ed nos permitir\u00e1 ofrecerle el producto m\u00e1s adecuado para su caso. Nosotros estamos obligados a recopilar dicha informac\u00f3n, que es necesaria para que podamos prestarle nuestros servicios. La finalidad del tratamiento de los datos personales depende de los requisitos de cada producto o servicio. El Contrato del cliente proporciona m\u00e1s informaci\u00f3n al respecto.<\/div>\n<p class=\"FXPElements__Paragraph-sc-h4chqj-10 cpfjRS\"><strong>Para el cumplimiento de una obligaci\u00f3n legal<\/strong><\/p>\n<div class=\"privacy-policy__PrivacyText-sc-1mpd193-0 eWdbxI\">Existe obligaciones legales que emanan de las leyes a las que estamos sujetos, de ciertos requisitos legales como la ley contra el blanqueo de capitales, o de las diversas autoridades de supervisi\u00f3n a cuyas leyes y normativas nos debemos. Dichas obligaciones y requisitos nos obligan a aplicar protocolos para el tratamiento de datos personales necesarios para verificar la identidad del cliente, o para el cumplimiento de \u00f3rdenes judiciales, normativa fiscal o de otra \u00edndole o controles antiblanqueo de capitales, que nos obliguen a proporcionar informaci\u00f3n sobre el cliente.<\/div>\n<p class=\"FXPElements__Paragraph-sc-h4chqj-10 cpfjRS\"><strong>Con el fin de salvaguardar los intereses leg\u00edtimos<\/strong><\/p>\n<div class=\"privacy-policy__PrivacyText-sc-1mpd193-0 eWdbxI\">Procesamos los datos personales para salvaguardar los intereses leg\u00edtimos perseguidos por nosotros o por terceros. Un inter\u00e9s leg\u00edtimo es, por ejemplo, una raz\u00f3n empresarial o comercial para utilizar su informaci\u00f3n. Pero incluso en estos casos, el tratamiento de los datos nunca debe ir en contra de lo que es correcto y mejor para usted. Por lo tanto, nuestro objetivo es procesar sus datos de manera justa, transparente y legal. Estos son algunos ejemplos de protocolos de procesamiento:<\/div>\n<ul class=\"privacy-policy__PrvcListStyle-sc-1mpd193-1 kALofw\">\n<li>Medios y procesos que nos comprometemos a implementar para garantizar la seguridad de los sistemas inform\u00e1ticos y de seguridad de la Empresa, prevenir posibles delitos, salvaguardar los activos de los clientes, facilitar controles de acceso y aplicar medidas contra la intrusi\u00f3n;<\/li>\n<li>Instalaci\u00f3n de sistemas de circuito cerrado de televisi\u00f3n, por ejemplo, en cajeros autom\u00e1ticos, para la prevenci\u00f3n de delitos o fraudes;<\/li>\n<li>Medidas para gestionar el negocio y seguir ideando productos y servicios.<\/li>\n<li>Compartir sus datos personales con el Grupo de empresas, con el fin de actualizar o verificar sus datos personales de acuerdo con el marco normativo contra el blanqueo de capitales; y<\/li>\n<li>Gesti\u00f3n de riesgos del Grupo de empresas.<\/li>\n<\/ul>\n<h3 class=\"FXPElements__H3Title-sc-h4chqj-9 izLUNj\">6. USTED HA DADO SU CONSENTIMIENTO<\/h3>\n<div class=\"privacy-policy__PrivacyText-sc-1mpd193-0 eWdbxI\">Siempre y cuando usted nos haya otorgado espec\u00edficamente su consentimiento para el tratamiento de sus datos (que no sea por los motivos establecidos anteriormente), la legalidad del tratamiento de sus datos se basa en dicho consentimiento. Usted tiene derecho a revocar su consentimiento en cualquier momento. Sin embargo, el tratamiento de los datos personales procesados antes de que la Empresa haya recibido su voluntad de revocaci\u00f3n no se ver\u00e1 afectado por la nueva medida.<\/div>\n<h3 class=\"FXPElements__H3Title-sc-h4chqj-9 izLUNj\">7. \u00bfQUI\u00c9N RECIBE SUS DATOS PERSONALES?<\/h3>\n<div class=\"privacy-policy__PrivacyText-sc-1mpd193-0 eWdbxI\">En el curso del cumplimiento de nuestras obligaciones contractuales y legales, podr\u00edamos proporcionar sus datos personales a varios departamentos de la Compa\u00f1\u00eda y a otras compa\u00f1\u00edas de FXPRIMUS. Asimismo, pueden recibir sus datos personales proveedores de servicios o productos a los que debamos recurrir para cumplir con nuestras obligaciones con usted. Dichos proveedores de productos y servicios tienen contratos en vigor con la Compa\u00f1\u00eda que recogen la confidencialidad y la protecci\u00f3n de datos de acuerdo con los reglamentos y normativas de Protecci\u00f3n de Datos.<\/div>\n<div class=\"privacy-policy__PrivacyText-sc-1mpd193-0 eWdbxI\">Tenga en cuenta que podemos divulgar datos sobre usted por cualquiera de los motivos definidos anteriormente, o bien si estamos legalmente obligados a ello, si estamos autorizados en virtud de nuestras obligaciones contractuales y legales, o si usted nos ha dado su consentimiento expl\u00edcito para ello.<\/div>\n<div class=\"privacy-policy__PrivacyText-sc-1mpd193-0 eWdbxI\">En las circunstancias antes mencionadas,\u00a0<strong>Los destinatarios de los datos personales pueden ser:<\/strong> por ejemplo:<\/div>\n<ul class=\"privacy-policy__PrvcListStyle-sc-1mpd193-1 kALofw\">\n<li>Autoridades supervisoras y otras entidades reguladoras y p\u00fablicas, en la medida en que exista una obligaci\u00f3n legal;<\/li>\n<li>por ejemplo, la VFSC, o bien las autoridades fiscales o de enjuiciamiento penal de cada pa\u00eds o regi\u00f3n;<\/li>\n<li>Instituciones crediticias y financieras como bancos corresponsales;<\/li>\n<li>Para nuestros protocolos antiblanqueo de capitales;<\/li>\n<li>Consultores jur\u00eddicos externos;<\/li>\n<li>Auditores y contables;<\/li>\n<li>Empresas de marketing y de investigaci\u00f3n de mercados;<\/li>\n<li>Empresas que nos ayudan a prestarle servicios;<\/li>\n<li>Empresas de procesamiento de pagos con tarjeta;<\/li>\n<li>Agencias de prevenci\u00f3n de fraude;<\/li>\n<li>Empresas de almacenamiento de archivos, de archivo y\/o gesti\u00f3n de registros o de almacenamiento en la nube;<\/li>\n<li>Consultoras de cumplimiento;<\/li>\n<li>Empresas que nos ayudan a prestarle servicios de manera efectiva con tecnolog\u00eda, soluciones, soporte o m\u00e9todos de pago;<\/li>\n<li>Compras y adquisiciones, as\u00ed como agencias de publicidad y sitios web;<\/li>\n<li>IBs (brokers presentadores) y Afiliados con los que tenemos una relaci\u00f3n empresarial;<\/li>\n<li>Proveedores que nos ayudan a proporcionarle se\u00f1ales\/alertas de trading y\/o servicios de copy trading.<\/li>\n<\/ul>\n<h3 class=\"FXPElements__H3Title-sc-h4chqj-9 izLUNj\">8. C\u00d3MO TRATAMOS SUS DATOS PERSONALES PARA ACTIVIDADES DE MARKETING Y SI UTILIZAMOS  ELABORACI\u00d3N DE PERFILES PARA ELLO<\/h3>\n<div class=\"privacy-policy__PrivacyText-sc-1mpd193-0 eWdbxI\">Podemos procesar sus datos personales para informarle sobre productos, servicios y ofertas que puedan ser de su inter\u00e9s para usted o su negocio.<\/div>\n<div class=\"privacy-policy__PrivacyText-sc-1mpd193-0 eWdbxI\">Los datos personales que procesamos para este fin se derivan de la informaci\u00f3n que usted nos proporciona y de datos que recopilamos y\/o inferimos cada vez que usted utiliza nuestros servicios; por ejemplo, informaci\u00f3n sobre sus transacciones. Estudiamos toda esa informaci\u00f3n para formarnos una opini\u00f3n sobre lo que creemos que pueda necesitar o que pueda interesarle. En algunos casos elaboramos perfiles; es decir, procesamos sus datos autom\u00e1ticamente con el objetivo de evaluar ciertos aspectos personales con el fin de proporcionarle informaci\u00f3n de marketing espec\u00edfica sobre determinados productos.<\/div>\n<div class=\"privacy-policy__PrivacyText-sc-1mpd193-0 eWdbxI\">Solo podemos utilizar sus datos personales para hacerle promoci\u00f3n de nuestros productos y servicios si contamos con su consentimiento expl\u00edcito para ello o, en determinados casos, si consideramos que proceder as\u00ed es de nuestro inter\u00e9s leg\u00edtimo. En cualquier momento puede ejercer su derecho a oponerse al tratamiento de sus datos personales con fines de marketing, incluyendo la elaboraci\u00f3n de perfiles. Si decide proceder en estos t\u00e9rminos, escr\u00edbanos a cualquier hora al correo privacy@fxprimus.com.<\/div>\n<h3 class=\"FXPElements__H3Title-sc-h4chqj-9 izLUNj\">9. \u00bfCU\u00c1NTO TIEMPO CONSERVAMOS SU INFORMACI\u00d3N PERSONAL?<\/h3>\n<div class=\"privacy-policy__PrivacyText-sc-1mpd193-0 eWdbxI\">Conservaremos sus datos personales durante el tiempo que mantengamos una relaci\u00f3n empresarial con usted como persona o con la entidad legal que usted est\u00e9 autorizado a representar o de la que sea el beneficiario final. Una vez finalizada nuestra relaci\u00f3n empresarial con usted, podemos conservar sus datos durante un m\u00e1ximo de diez (10) a\u00f1os. Podemos conservar sus datos durante m\u00e1s de 10 a\u00f1os si nos es imposible eliminarlos por razones legales, reglamentarias o t\u00e9cnicas.<\/div>\n<div class=\"privacy-policy__PrivacyText-sc-1mpd193-0 eWdbxI\">En el caso de los datos personales de posibles clientes (o representantes, agentes autorizados o beneficiarios finales de una persona jur\u00eddica que sea un posible cliente), los conservaremos durante 6 meses a partir de la fecha en que usted nos haya notificado que ya no desea seguir utilizando nuestros servicios y\/o instalaciones o desde la fecha en que haya retirado su solicitud para ello.<\/div>\n<h3 class=\"FXPElements__H3Title-sc-h4chqj-9 izLUNj\">10. SUS DERECHOS EN MATERIA DE PROTECCI\u00d3N DE DATOS:<\/h3>\n<div class=\"privacy-policy__PrivacyText-sc-1mpd193-0 eWdbxI\">Usted tiene los siguientes derechos sobre los datos personales que tenemos sobre usted:<\/div>\n<ul class=\"privacy-policy__PrvcListStyle-sc-1mpd193-1 dnYBuE\">\n<li><strong>Recibir acceso a sus datos personales.<\/strong>\u00a0Esto le permite, por ejemplo, recibir una copia de los datos personales que tenemos sobre usted y comprobar que los estamos procesando legalmente. Si desea obtener dicha copia, complete nuestro formulario web a trav\u00e9s del sitio web de la Compa\u00f1\u00eda (https:\/\/www.fxprimus. com\/en\/contact-us).<\/li>\n<li><strong>Solicitar la correcci\u00f3n (rectificaci\u00f3n)\u00a0<\/strong>de los datos personales que tenemos sobre usted. Esto le permite corregir cualquier dato incompleto o inexacto que tengamos sobre usted.<\/li>\n<li><strong>Solicitar la eliminaci\u00f3n de su informaci\u00f3n personal.\u00a0<\/strong>Podr\u00e1 pedirnos que borremos sus datos personales (lo que se conoce como &quot;derecho al olvido&quot;) cuando no exista una raz\u00f3n leg\u00edtima para que sigamos proces\u00e1ndolos.<\/li>\n<li><strong>Oponerse al tratamiento de sus datos personales\u00a0<\/strong>cuando nos basemos en un inter\u00e9s leg\u00edtimo y haya algo en su situaci\u00f3n particular que le anime a oponerse al procesamiento de sus datos por este motivo. Si presenta una objeci\u00f3n, dejaremos de tratar sus datos personales a menos que para seguir haci\u00e9ndolo podamos demostrar motivos leg\u00edtimos que prevalezcan sobre sus intereses, derechos y libertades. Tambi\u00e9n tiene derecho a oponerse al tratamiento de sus datos personales con fines de publicidad o marketing directo. Esto tambi\u00e9n incluye la elaboraci\u00f3n de perfiles, siempre y cuando se utilicen para el marketing directo. Si usted decide oponerse al tratamiento de sus datos para marketing directo, dejaremos de tratar sus datos personales para dichos fines.<\/li>\n<li><strong>Solicitar la limitaci\u00f3n del tratamiento\u00a0<\/strong>de sus datos personales. Esto le permite pedirnos que limitemos el procesamiento de sus datos personales, es decir, que los utilicemos solo para ciertas cosas, si:<ul class=\"privacy-policy__PrvcListStyle-sc-1mpd193-1 fOrpCF\">\n<li>no son exactos;<\/li>\n<li>se han utilizado ilegalmente, pero usted no desea que los eliminemos;<\/li>\n<li>ya no son relevantes, pero desea que los conservemos para utilizarlos en posibles reclamaciones legales; y<\/li>\n<li>ya nos ha solicitado que dejemos de utilizar sus datos personales, pero est\u00e1 a la espera de que le informemos de si existe cualquier causa leg\u00edtima para seguir us\u00e1ndolos.<\/li>\n<\/ul>\n<\/li>\n<li><strong>Solicitar una copia\u00a0<\/strong>de los datos personales que le conciernen en un formato estructurado y de uso com\u00fan y transmitir dichos datos a otras organizaciones. Tambi\u00e9n tiene derecho a que nosotros transmitamos directamente sus datos personales a otras organizaciones que usted designe (lo que se conoce como el derecho a la portabilidad de los datos).<\/li>\n<li><strong>Retirar el consentimiento que nos otorg\u00f3\u00a0<\/strong>para el tratamiento de sus datos personales en cualquier momento. Tenga en cuenta que si nos retira el consentimiento para tratar sus datos personales, ello no afectar\u00e1 a la legalidad o legitimidad de la medida anteiormente a su decisi\u00f3n de retirar o revocar su consentimiento.<\/li>\n<\/ul>\n<p class=\"FXPElements__Paragraph-sc-h4chqj-10 cQjQrZ\">Para ejercer cualquiera de sus derechos, o si tiene alguna otra pregunta sobre el uso que hacemos de sus datos personales, p\u00f3ngase en contacto con su gestor de cuentas, visite cualquiera de nuestras oficinas o escriba un correo a privacy@fxprimus.com.<\/p>\n<h3 class=\"FXPElements__H3Title-sc-h4chqj-9 izLUNj\">11. DERECHO A PRESENTAR UNA QUEJA<\/h3>\n<div class=\"privacy-policy__PrivacyText-sc-1mpd193-0 eWdbxI\">Si ha ejercido alguno o todos sus derechos de protecci\u00f3n de datos y a\u00fan piensa que no hemos abordado adecuadamente sus inquietudes sobre el modo en que usamos sus datos personales, tiene derecho a presentar una queja. Para ello, contacte con el servicio de Atenci\u00f3n al cliente (https:\/\/www.fxprimus.com\/en\/contact-us).<\/div>\n<h3 class=\"FXPElements__H3Title-sc-h4chqj-9 izLUNj\">12. CAMBIOS EN ESTA DECLARACI\u00d3N DE PRIVACIDAD<\/h3>\n<div class=\"privacy-policy__PrivacyText-sc-1mpd193-0 eWdbxI\">Es posible que modifiquemos o enmendemos esta declaraci\u00f3n de privacidad de vez en cuando.<\/div>\n<div class=\"privacy-policy__PrivacyText-sc-1mpd193-0 eWdbxI\">Cuando realicemos alg\u00fan cambio en esta declaraci\u00f3n de privacidad, se lo notificaremos adecuadamente y modificaremos la fecha de revisi\u00f3n en la parte superior de esta p\u00e1gina. Sin embargo, le recomendamos que revise este documento peri\u00f3dicamente para estar siempre informado sobre c\u00f3mo procesamos y protegemos su informaci\u00f3n personal.<\/div>\t\t\t\t\t\t\t\t<\/div>\n\t\t\t\t<\/div>\n\t\t\t\t\t<\/div>\n\t\t\t\t<\/div>\n\t\t\t\t<\/div>\n\t\t","protected":false},"excerpt":{"rendered":"<p>Pol\u00edtica de privacidad \u00a0 1. INTRODUCCI\u00d3N Primus Markets INTL Limited (&quot;FXPRIMUS&quot; o la &quot;Compa\u00f1\u00eda&quot;) es una Firma de Inversi\u00f3n Internacional (&quot;IF&quot;) constituida en la Rep\u00fablica de Vanuatu con el n\u00famero de registro mercantil 14595. La Compa\u00f1\u00eda est\u00e1 autorizada y regulada por la Comisi\u00f3n de Bolsa y Valores de Vanuatu (la &quot;VFSC&quot;), con una Licencia Principal [&hellip;]<\/p>\n","protected":false},"author":1,"featured_media":0,"parent":0,"menu_order":0,"comment_status":"closed","ping_status":"closed","template":"","meta":{"footnotes":""},"class_list":["post-5888","page","type-page","status-publish","hentry"],"_links":{"self":[{"href":"https:\/\/myprimusmarkets.com\/es\/wp-json\/wp\/v2\/pages\/5888","targetHints":{"allow":["GET"]}}],"collection":[{"href":"https:\/\/myprimusmarkets.com\/es\/wp-json\/wp\/v2\/pages"}],"about":[{"href":"https:\/\/myprimusmarkets.com\/es\/wp-json\/wp\/v2\/types\/page"}],"author":[{"embeddable":true,"href":"https:\/\/myprimusmarkets.com\/es\/wp-json\/wp\/v2\/users\/1"}],"replies":[{"embeddable":true,"href":"https:\/\/myprimusmarkets.com\/es\/wp-json\/wp\/v2\/comments?post=5888"}],"version-history":[{"count":1,"href":"https:\/\/myprimusmarkets.com\/es\/wp-json\/wp\/v2\/pages\/5888\/revisions"}],"predecessor-version":[{"id":5894,"href":"https:\/\/myprimusmarkets.com\/es\/wp-json\/wp\/v2\/pages\/5888\/revisions\/5894"}],"wp:attachment":[{"href":"https:\/\/myprimusmarkets.com\/es\/wp-json\/wp\/v2\/media?parent=5888"}],"curies":[{"name":"wp","href":"https:\/\/api.w.org\/{rel}","templated":true}]}}